{"id":629,"date":"2023-05-05T11:24:34","date_gmt":"2023-05-05T09:24:34","guid":{"rendered":"https:\/\/www.amkeller.lu\/impressum\/"},"modified":"2025-06-17T07:23:55","modified_gmt":"2025-06-17T05:23:55","slug":"mentions-legales","status":"publish","type":"page","link":"https:\/\/beimtroterbatti.lu\/fr\/mentions-legales\/","title":{"rendered":"Mentions l\u00e9gales"},"content":{"rendered":"<section class=\"wpb-content-wrapper\"><p>[vc_row css=&#8221;.vc_custom_1683282168732{margin-bottom: 0px !important;padding-bottom: 0px !important;}&#8221;][vc_column css=&#8221;.vc_custom_1683282163215{margin-top: 0px !important;margin-bottom: 0px !important;}&#8221;]<a  class=\"ancor\"><\/a><div id=\"start-screen\" class=\"start-screen start-screen--static-bg start-screen--static-bg--style-1\"><div class=\"start-screen__static-bg parallax\" data-stellar-background-ratio=\"0.5\" data-stellar-vertical-offset=\"300\" data-stellar-offset-parent=\"true\" style=\"background-image: url(https:\/\/beimtroterbatti.lu\/wp-content\/uploads\/2025\/06\/beim-troterbatti-header-1600x900-1.jpg)\"><div class=\"pattern\" style=\"background-color:rgba(125,88,51,0.61)\"><\/div><\/div><div class=\"start-screen__content-container\"><div class=\"start-screen__content\"><div class=\"v-align\"><div class=\"v-bottom\"><div class=\"container\"><div class=\"row\"><div class=\"col-xs-12 col-sm-7\"><\/div><div class=\"col-xs-12 col-sm-5 col-md-4 col-md-offset-1\"><div class=\"hero-form\"><\/div><\/div><\/div><\/div><\/div><\/div><\/div><\/div><\/div>[\/vc_column][\/vc_row][vc_row css=&#8221;.vc_custom_1683282173751{margin-top: 0px !important;margin-bottom: 100px !important;padding-top: 0px !important;}&#8221;][vc_column][vc_column_text css=&#8221;.vc_custom_1683288983871{margin-top: 50px !important;margin-right: 50px !important;margin-bottom: 50px !important;margin-left: 100px !important;}&#8221;]<\/p>\n<h1 style=\"text-align: center;\"><span style=\"color: #7d5833;\">Mentions l\u00e9gales<\/span><\/h1>\n<p>[\/vc_column_text][vc_separator color=&#8221;custom&#8221; align=&#8221;align_left&#8221; accent_color=&#8221;#7d5833&#8243;][vc_row_inner gap=&#8221;10&#8243; css=&#8221;.vc_custom_1683282186770{margin-top: 0px !important;margin-bottom: 0px !important;padding-top: 0px !important;padding-bottom: 0px !important;}&#8221;][vc_column_inner width=&#8221;1\/2&#8243;][vc_column_text css=&#8221;.vc_custom_1683289009562{margin-right: 100px !important;}&#8221;]<\/p>\n<p style=\"text-align: right;\"><strong>\u00c9diteur responsable:<\/strong><\/p>\n<p>[\/vc_column_text][\/vc_column_inner][vc_column_inner width=&#8221;1\/2&#8243;][vc_column_text]<strong>Beim Troterbatti<\/strong><\/p>\n<p>8, Gruefwee<br \/>\nL \u2013 9147 Ierpeldeng un der Sauer<\/p>\n<p>Tel: +352 90 80 88<br \/>\nE-Mail: info@beimtroterbatti.lu<\/p>\n<p>MwSt.ID: LU 238666152[\/vc_column_text][\/vc_column_inner][\/vc_row_inner][vc_separator color=&#8221;custom&#8221; align=&#8221;align_left&#8221; accent_color=&#8221;#7d5833&#8243;][vc_row_inner gap=&#8221;10&#8243; css=&#8221;.vc_custom_1683282186770{margin-top: 0px !important;margin-bottom: 0px !important;padding-top: 0px !important;padding-bottom: 0px !important;}&#8221;][vc_column_inner width=&#8221;1\/2&#8243;][vc_column_text css=&#8221;.vc_custom_1683289033215{margin-right: 100px !important;}&#8221;]<\/p>\n<p style=\"text-align: right;\"><strong>Avis juridique (en allemand):<\/strong><\/p>\n<p>[\/vc_column_text][\/vc_column_inner][vc_column_inner width=&#8221;1\/2&#8243;][vc_column_text]Die Informationen auf dieser Website wurden mit gr\u00f6\u00dftm\u00f6glicher Sorgfalt zusammengestellt. Sie werden st\u00e4ndig gepr\u00fcft und aktualisiert. F\u00fcr die Korrektheit, Aktualit\u00e4t und Vollst\u00e4ndigkeit der enthaltenen Informationen kann dennoch keine Haftung oder Garantie \u00fcbernommen werden. Jegliche Haftung f\u00fcr Sch\u00e4den, die direkt oder indirekt aus Benutzung dieser Website entstehen, wird ausgeschlossen, sofern diese nicht auf Vorsatz oder grober Fahrl\u00e4ssigkeit beruhen. Sofern von dieser Website per Hyperlink auf andere Internetseiten verwiesen wird, die von Dritten betrieben werden, \u00fcbernimmt <strong>Beim Troterbatti<\/strong> keine Verantwortung f\u00fcr die Inhalte.<\/p>\n<p><strong>Beim Troterbatti<\/strong> beh\u00e4lt sich das Recht vor, jederzeit \u00c4nderungen und Erg\u00e4nzungen der bereitgestellten Informationen vorzunehmen.<\/p>\n<p>Alle Rechte vorbehalten. Texte und Bilder sowie deren Anordnung auf der <strong>Beim Troterbatti<\/strong> \u2013 Website unterliegen dem Schutz des Urheberrechts und anderen Schutzgesetzen. Der Inhalt dieser Website darf nicht zu kommerziellen Zwecken kopiert, verbreitet, ver\u00e4ndert oder Dritten zug\u00e4nglich gemacht werden.<\/p>\n<p>Ierpeldeng un der Sauer, Oktober 2024[\/vc_column_text][\/vc_column_inner][\/vc_row_inner][vc_separator color=&#8221;custom&#8221; align=&#8221;align_left&#8221; accent_color=&#8221;#7d5833&#8243;][vc_row_inner gap=&#8221;10&#8243; css=&#8221;.vc_custom_1683282186770{margin-top: 0px !important;margin-bottom: 0px !important;padding-top: 0px !important;padding-bottom: 0px !important;}&#8221;][vc_column_inner width=&#8221;1\/2&#8243;][vc_column_text css=&#8221;.vc_custom_1683289064240{margin-right: 100px !important;}&#8221;]<\/p>\n<p style=\"text-align: right;\"><strong><span class=\"HwtZe\" lang=\"fr\"><span class=\"jCAhz ChMk0b\"><span class=\"ryNqvb\">Conception et r\u00e9alisation Web<\/span><\/span><\/span>:<\/strong><\/p>\n<p>[\/vc_column_text][\/vc_column_inner][vc_column_inner width=&#8221;1\/2&#8243;][vc_column_text]Die Designagentur \u2013 Leifgen |\u00a0<a href=\"https:\/\/www.designagentur.be\/\" target=\"_blank\" rel=\"noopener\">www.designagentur.be<\/a>[\/vc_column_text][\/vc_column_inner][\/vc_row_inner][vc_separator color=&#8221;custom&#8221; align=&#8221;align_left&#8221; accent_color=&#8221;#7d5833&#8243;][vc_row_inner gap=&#8221;10&#8243; css=&#8221;.vc_custom_1683282186770{margin-top: 0px !important;margin-bottom: 0px !important;padding-top: 0px !important;padding-bottom: 0px !important;}&#8221;][vc_column_inner width=&#8221;1\/2&#8243;][vc_column_text css=&#8221;.vc_custom_1683287218458{margin-right: 100px !important;}&#8221;]<\/p>\n<p style=\"text-align: right;\"><strong>Hosting:<\/strong><\/p>\n<p>[\/vc_column_text][\/vc_column_inner][vc_column_inner width=&#8221;1\/2&#8243;][vc_column_text]IT4ALL by skylineNetworkservices |\u00a0<a href=\"https:\/\/www.sns.lu\/\" target=\"_blank\" rel=\"noopener\">www.sns.lu<\/a>[\/vc_column_text][\/vc_column_inner][\/vc_row_inner][\/vc_column][\/vc_row]<\/p>\n<\/section>","protected":false},"excerpt":{"rendered":"<p>[vc_row css=&#8221;.vc_custom_1683282168732{margin-bottom: 0px !important;padding-bottom: 0px !important;}&#8221;][vc_column css=&#8221;.vc_custom_1683282163215{margin-top: 0px !important;margin-bottom: 0px !important;}&#8221;][\/vc_column][\/vc_row][vc_row css=&#8221;.vc_custom_1683282173751{margin-top: 0px !important;margin-bottom: 100px !important;padding-top: 0px !important;}&#8221;][vc_column][vc_column_text css=&#8221;.vc_custom_1683288983871{margin-top: 50px !important;margin-right: 50px !important;margin-bottom: 50px !important;margin-left: 100px !important;}&#8221;] Mentions l\u00e9gales [\/vc_column_text][vc_separator color=&#8221;custom&#8221; align=&#8221;align_left&#8221; accent_color=&#8221;#7d5833&#8243;][vc_row_inner gap=&#8221;10&#8243; css=&#8221;.vc_custom_1683282186770{margin-top: 0px !important;margin-bottom: 0px !important;padding-top: 0px !important;padding-bottom: 0px !important;}&#8221;][vc_column_inner width=&#8221;1\/2&#8243;][vc_column_text css=&#8221;.vc_custom_1683289009562{margin-right: 100px !important;}&#8221;] \u00c9diteur responsable: [\/vc_column_text][\/vc_column_inner][vc_column_inner width=&#8221;1\/2&#8243;][vc_column_text]Beim Troterbatti 8, Gruefwee L [&hellip;]<\/p>\n","protected":false},"author":1,"featured_media":0,"parent":0,"menu_order":0,"comment_status":"open","ping_status":"open","template":"one-page-template.php","meta":{"footnotes":""},"class_list":["post-629","page","type-page","status-publish","hentry",""],"_links":{"self":[{"href":"https:\/\/beimtroterbatti.lu\/fr\/wp-json\/wp\/v2\/pages\/629","targetHints":{"allow":["GET"]}}],"collection":[{"href":"https:\/\/beimtroterbatti.lu\/fr\/wp-json\/wp\/v2\/pages"}],"about":[{"href":"https:\/\/beimtroterbatti.lu\/fr\/wp-json\/wp\/v2\/types\/page"}],"author":[{"embeddable":true,"href":"https:\/\/beimtroterbatti.lu\/fr\/wp-json\/wp\/v2\/users\/1"}],"replies":[{"embeddable":true,"href":"https:\/\/beimtroterbatti.lu\/fr\/wp-json\/wp\/v2\/comments?post=629"}],"version-history":[{"count":6,"href":"https:\/\/beimtroterbatti.lu\/fr\/wp-json\/wp\/v2\/pages\/629\/revisions"}],"predecessor-version":[{"id":1615,"href":"https:\/\/beimtroterbatti.lu\/fr\/wp-json\/wp\/v2\/pages\/629\/revisions\/1615"}],"wp:attachment":[{"href":"https:\/\/beimtroterbatti.lu\/fr\/wp-json\/wp\/v2\/media?parent=629"}],"curies":[{"name":"wp","href":"https:\/\/api.w.org\/{rel}","templated":true}]}}